{"id":698,"date":"2025-05-20T15:10:31","date_gmt":"2025-05-20T13:10:31","guid":{"rendered":"https:\/\/keyter-intarcon.com\/talents-lab-form\/"},"modified":"2026-02-02T11:51:59","modified_gmt":"2026-02-02T10:51:59","slug":"talents-lab-form","status":"publish","type":"page","link":"https:\/\/keyter-intarcon.com\/en\/talents-lab-form\/","title":{"rendered":"Talents Lab Form"},"content":{"rendered":"\n<div style=\"height:35px\" aria-hidden=\"true\" class=\"wp-block-spacer\"><\/div>\n\n<h2 class=\"wp-block-heading\"><strong><mark style=\"background-color:rgba(0, 0, 0, 0)\" class=\"has-inline-color has-accent-1-color\">\u00a1Start your experience with us!<\/mark><\/strong><\/h2>\n\n<p class=\"has-medium-font-size\">Complete the form with your details to send us your application. We will contact your educational centre. If you have any questions, please do not hesitate to contact us.&#13;\n<\/p>\n\n<div class=\"forminator-ui forminator-custom-form forminator-custom-form-689 forminator-design--default  forminator_ajax\" data-forminator-render=\"0\" data-form=\"forminator-module-689\" data-uid=\"69e7735ddc469\"><br\/><\/div><form\n\t\t\t\tid=\"forminator-module-689\"\n\t\t\t\tclass=\"forminator-ui forminator-custom-form forminator-custom-form-689 forminator-design--default  forminator_ajax\"\n\t\t\t\tmethod=\"post\"\n\t\t\t\tdata-forminator-render=\"0\"\n\t\t\t\tdata-form-id=\"689\"\n\t\t\t\t data-color-option=\"theme\" data-design=\"default\" data-grid=\"open\" style=\"display: none;\"\n\t\t\t\tdata-uid=\"69e7735ddc469\"\n\t\t\t><div role=\"alert\" aria-live=\"polite\" class=\"forminator-response-message forminator-error\" aria-hidden=\"true\"><\/div><div class=\"forminator-row\"><div id=\"name-1\" class=\"forminator-field-name forminator-col forminator-col-12 \"><div class=\"forminator-field\"><label for=\"forminator-field-name-1_69e7735ddc469\" id=\"forminator-field-name-1_69e7735ddc469-label\" class=\"forminator-label\">Full name <span class=\"forminator-required\">*<\/span><\/label><input type=\"text\" name=\"name-1\" value=\"\" placeholder=\"Example: Tom Felton\" id=\"forminator-field-name-1_69e7735ddc469\" class=\"forminator-input forminator-name--field\" aria-required=\"true\" autocomplete=\"name\" \/><\/div><\/div><\/div><div class=\"forminator-row\"><div id=\"email-1\" class=\"forminator-field-email forminator-col forminator-col-12 \"><div class=\"forminator-field\"><label for=\"forminator-field-email-1_69e7735ddc469\" id=\"forminator-field-email-1_69e7735ddc469-label\" class=\"forminator-label\">Email address <span class=\"forminator-required\">*<\/span><\/label><input type=\"email\" name=\"email-1\" value=\"\" placeholder=\"Eg . : email@gmail.com\" id=\"forminator-field-email-1_69e7735ddc469\" class=\"forminator-input forminator-email--field\" data-required=\"1\" aria-required=\"true\" autocomplete=\"email\" \/><\/div><\/div><\/div><div class=\"forminator-row\"><div id=\"phone-1\" class=\"forminator-field-phone forminator-col forminator-col-12 \"><div class=\"forminator-field\"><label for=\"forminator-field-phone-1_69e7735ddc469\" id=\"forminator-field-phone-1_69e7735ddc469-label\" class=\"forminator-label\">Phone <span class=\"forminator-required\">*<\/span><\/label><input type=\"text\" name=\"phone-1\" value=\"\" placeholder=\"Example: 666 666 666\" id=\"forminator-field-phone-1_69e7735ddc469\" class=\"forminator-input forminator-field--phone\" data-required=\"1\" aria-required=\"true\" autocomplete=\"off\" \/><\/div><\/div><\/div><div class=\"forminator-row\"><div id=\"text-1\" class=\"forminator-field-text forminator-col forminator-col-6 \"><div class=\"forminator-field\"><label for=\"forminator-field-text-1_69e7735ddc469\" id=\"forminator-field-text-1_69e7735ddc469-label\" class=\"forminator-label\">Studies <span class=\"forminator-required\">*<\/span><\/label><input type=\"text\" name=\"text-1\" value=\"\" placeholder=\"Example: Advanced Vocational Training in Maintenance\" id=\"forminator-field-text-1_69e7735ddc469\" class=\"forminator-input forminator-name--field\" data-required=\"1\" \/><\/div><\/div><div id=\"radio-2\" class=\"forminator-field-radio forminator-col forminator-col-6 \"><div role=\"radiogroup\" class=\"forminator-field\" aria-labelledby=\"forminator-radiogroup-radio-2-69e7735ddc469-label\"><span id=\"forminator-radiogroup-radio-2-69e7735ddc469-label\" class=\"forminator-label\">Year <span class=\"forminator-required\">*<\/span><\/span><label id=\"forminator-field-radio-2-label-1\" for=\"forminator-field-radio-2-1-69e7735ddc469\" class=\"forminator-radio\" title=\"1st\"><input type=\"radio\" name=\"radio-2\" value=\"one\" id=\"forminator-field-radio-2-1-69e7735ddc469\" aria-labelledby=\"forminator-field-radio-2-label-1\" data-calculation=\"0\"   data-hidden-behavior=\"zero\"\/><span class=\"forminator-radio-bullet\" aria-hidden=\"true\"><\/span><span class=\"forminator-radio-label\">1st<\/span><\/label><label id=\"forminator-field-radio-2-label-2\" for=\"forminator-field-radio-2-2-69e7735ddc469\" class=\"forminator-radio\" title=\"2nd\"><input type=\"radio\" name=\"radio-2\" value=\"two\" id=\"forminator-field-radio-2-2-69e7735ddc469\" aria-labelledby=\"forminator-field-radio-2-label-2\" data-calculation=\"0\"   data-hidden-behavior=\"zero\"\/><span class=\"forminator-radio-bullet\" aria-hidden=\"true\"><\/span><span class=\"forminator-radio-label\">2nd<\/span><\/label><\/div><\/div><\/div><div class=\"forminator-row\"><div id=\"select-1\" class=\"forminator-field-select forminator-col forminator-col-12 \"><div class=\"forminator-field\"><label for=\"forminator-form-689__field--select-1_69e7735ddc469\" id=\"forminator-form-689__field--select-1_69e7735ddc469-label\" class=\"forminator-label\">Educational centre <span class=\"forminator-required\">*<\/span><\/label><span id=\"forminator-form-689__field--select-1_69e7735ddc469-description\" class=\"forminator-description\">If your centre does not appear, select \u201cOTHER\u201d<\/span><select  id=\"forminator-form-689__field--select-1_69e7735ddc469\" class=\"forminator-select--field forminator-select2 forminator-select2-multiple\" data-required=\"1\" name=\"select-1\" data-default-value=\"\" data-hidden-behavior=\"zero\" data-placeholder=\"Select\" data-search=\"false\" data-search-placeholder=\"Select\" data-checkbox=\"false\" data-allow-clear=\"false\" aria-labelledby=\"forminator-form-689__field--select-1_69e7735ddc469-label\" aria-describedby=\"forminator-form-689__field--select-1_69e7735ddc469-description\"><option value=\"\"  >Select<\/option><option value=\"two\"  data-calculation=\"0\">IES Sierra de Aras (Lucena)<\/option><option value=\"one\"  data-calculation=\"0\">IES Marqu\u00e9s de Comares (Lucena)<\/option><option value=\"IES-Juan-de-Arejula-(Lucena)\"  data-calculation=\"0\">IES Juan de Arejula (Lucena)<\/option><option value=\"IES-Inca-Garcilaso-(Montilla)\"  data-calculation=\"0\">IES Inca Garcilaso (Montilla)<\/option><option value=\"IES-Emilio-Canalejo-(Montilla)\"  data-calculation=\"0\">IES Emilio Canalejo (Montilla)<\/option><option value=\"IES-Ingeniero-Juan-de-la-Cierva\"  data-calculation=\"0\">IES Ingeniero Juan de la Cierva (Puente Genil)<\/option><option value=\"IES-Felipe-Solis-Villechenous-(Cabra)\"  data-calculation=\"0\">IES Felipe Solis Villechenous (Cabra)<\/option><option value=\"IES-Vicente-Nu\u00f1ez-(Aguilar-de-la-Frontera)\"  data-calculation=\"0\">IES Vicente Nu\u00f1ez (Aguilar de la Frontera)<\/option><option value=\"IES-Don-Diego-de-Bernuy-(Benameji)\"  data-calculation=\"0\">IES Don Diego de Bernuy (Benameji)<\/option><option value=\"IES-Heli\u00f3polis-(Sevilla)\"  data-calculation=\"0\">IES Heli\u00f3polis (Sevilla)<\/option><option value=\"CDP-San-Luis-Rey---Salesianos-Palma-del-Rio\"  data-calculation=\"0\">CDP San Luis Rey - Salesianos Palma del Rio<\/option><option value=\"IES-Miguel-Romero-Esteo\"  data-calculation=\"0\">IES Miguel Romero Esteo (M\u00e1laga)<\/option><option value=\"IES-El-Valle-(Ja\u00e9n)\"  data-calculation=\"0\">IES El Valle (Ja\u00e9n)<\/option><option value=\"IES-Condestable-\u00c1lvaro-de-Luna(\"  data-calculation=\"0\">IES Condestable \u00c1lvaro de Luna (Illescas)<\/option><option value=\"IES-Hermenegildo-Lanz\"  data-calculation=\"0\">IES Hermenegildo Lanz (Granada)<\/option><option value=\"IES-Salvador-Serrano\"  data-calculation=\"0\">IES Salvador Serrano (Alcaudete)<\/option><option value=\"CPIFP-Los-Vivero-(Sevilla)\"  data-calculation=\"0\">CPIFP Los Vivero (Sevilla)<\/option><option value=\"IES-Zoco-(C\u00f3rdoba)\"  data-calculation=\"0\">IES Zoco (C\u00f3rdoba)<\/option><option value=\"IES-Gran-V\u00eda-(Alicante)\"  data-calculation=\"0\">IES Gran V\u00eda (Alicante)<\/option><option value=\"IES-Gran-Capit\u00e1n-(C\u00f3rdoba)\"  data-calculation=\"0\">IES Gran Capit\u00e1n (C\u00f3rdoba)<\/option><option value=\"IES-Francisco-de-los-R\u00edos-(Fern\u00e1n-N\u00fa\u00f1ez)\"  data-calculation=\"0\">IES Francisco de los R\u00edos (Fern\u00e1n N\u00fa\u00f1ez)<\/option><option value=\"IES-Luis-de-G\u00f3ngora-(C\u00f3rdoba)\"  data-calculation=\"0\">IES Luis de G\u00f3ngora (C\u00f3rdoba)<\/option><option value=\"IES-Blas-Infante\"  data-calculation=\"0\">IES Nicol\u00e1s Cop\u00e9rnico (\u00c9cija)<\/option><option value=\"IES-Politecnic-(Palma-de-Mallorca)\"  data-calculation=\"0\">IES Politecnic (Palma de Mallorca)<\/option><option value=\"Otro\"  data-calculation=\"0\">Other<\/option><\/select><\/div><\/div><\/div><div class=\"forminator-row\"><div id=\"text-2\" class=\"forminator-field-text forminator-col forminator-col-12 \"><div class=\"forminator-field\"><label for=\"forminator-field-text-2_69e7735ddc469\" id=\"forminator-field-text-2_69e7735ddc469-label\" class=\"forminator-label\">Educational centre<\/label><span id=\"forminator-field-text-2_69e7735ddc469-description\" class=\"forminator-description\">Complete only if you have selected \u201cOTHER\u201d when choosing your educational centre.<\/span><input type=\"text\" name=\"text-2\" value=\"\" placeholder=\"\" id=\"forminator-field-text-2_69e7735ddc469\" class=\"forminator-input forminator-name--field\" data-required=\"\" aria-describedby=\"forminator-field-text-2_69e7735ddc469-description\" \/><\/div><\/div><\/div><div class=\"forminator-row\"><div id=\"name-2\" class=\"forminator-field-name forminator-col forminator-col-12 \"><div class=\"forminator-field\"><label for=\"forminator-field-name-2_69e7735ddc469\" id=\"forminator-field-name-2_69e7735ddc469-label\" class=\"forminator-label\">Contact Teacher\u2019s Name<\/label><span id=\"forminator-field-name-2_69e7735ddc469-description\" class=\"forminator-description\">Complete only if you have selected \u201cOTHER\u201d when choosing your educational centre.<\/span><input type=\"text\" name=\"name-2\" value=\"\" placeholder=\"\" id=\"forminator-field-name-2_69e7735ddc469\" class=\"forminator-input forminator-name--field\" aria-required=\"false\" autocomplete=\"name\" aria-describedby=\"forminator-field-name-2_69e7735ddc469-description\" \/><\/div><\/div><\/div><div class=\"forminator-row\"><div id=\"email-2\" class=\"forminator-field-email forminator-col forminator-col-6 \"><div class=\"forminator-field\"><label for=\"forminator-field-email-2_69e7735ddc469\" id=\"forminator-field-email-2_69e7735ddc469-label\" class=\"forminator-label\">Contact Teacher\u2019s Email Address<\/label><span id=\"forminator-field-email-2_69e7735ddc469-description\" class=\"forminator-description\">Complete only if you have selected \u201cOTHER\u201d when choosing your educational centre.<\/span><input type=\"email\" name=\"email-2\" value=\"\" placeholder=\"\" id=\"forminator-field-email-2_69e7735ddc469\" class=\"forminator-input forminator-email--field\" data-required=\"\" aria-required=\"false\" autocomplete=\"email\" aria-describedby=\"forminator-field-email-2_69e7735ddc469-description\" \/><\/div><\/div><div id=\"phone-2\" class=\"forminator-field-phone forminator-col forminator-col-6 \"><div class=\"forminator-field\"><label for=\"forminator-field-phone-2_69e7735ddc469\" id=\"forminator-field-phone-2_69e7735ddc469-label\" class=\"forminator-label\">Contact Teacher\u2019s Phone<\/label><span id=\"forminator-field-phone-2_69e7735ddc469-description\" class=\"forminator-description\" id=\"forminator-field-phone-2_69e7735ddc469-description\">Complete only if you have selected \u201cOTHER\u201d when choosing your educational centre.<\/span><input type=\"text\" name=\"phone-2\" value=\"\" placeholder=\"\" id=\"forminator-field-phone-2_69e7735ddc469\" class=\"forminator-input forminator-field--phone\" data-required=\"\" aria-required=\"false\" autocomplete=\"off\" aria-describedby=\"forminator-field-phone-2_69e7735ddc469-description\" \/><\/div><\/div><\/div><div class=\"forminator-row\"><div id=\"consent-1\" class=\"forminator-field-consent forminator-col forminator-col-12 \"><div class=\"forminator-field\"><label for=\"forminator-field-consent-1_69e7735ddc469\" id=\"forminator-field-consent-1_69e7735ddc469-label\" class=\"forminator-label\">Privacy Policy and General Terms <span class=\"forminator-required\">*<\/span><\/label><div class=\"forminator-checkbox__wrapper\"><label id=\"forminator-field-consent-1_69e7735ddc469__label\" class=\"forminator-checkbox forminator-consent\" aria-labelledby=\"forminator-field-consent-1_69e7735ddc469-label\"><input type=\"checkbox\" name=\"consent-1\" id=\"forminator-field-consent-1_69e7735ddc469\" value=\"checked\" aria-labelledby=\"forminator-field-consent-1_69e7735ddc469-label\" aria-describedby=\"forminator-field-consent-1_69e7735ddc469__description\" data-required=\"true\" aria-required=\"true\" \/><span class=\"forminator-checkbox-box\" aria-hidden=\"true\"><\/span><\/label><div id=\"forminator-field-consent-1_69e7735ddc469__description\" class=\"forminator-checkbox__label forminator-consent__label\"><p>Yes, I agree to the <a href=\"https:\/\/keyter-intarcon.com\/politica-privacidad\/\">Privacy Policy and General Terms.<\/a><\/p><\/div><\/div><\/div><\/div><\/div><div class=\"forminator-row\"><div id=\"checkbox-1\" class=\"forminator-field-checkbox forminator-col forminator-col-12 \"><div role=\"group\" class=\"forminator-field required\" aria-labelledby=\"forminator-checkbox-group-forminator-field-checkbox-1-69e7735ddc469-label\"><span id=\"forminator-checkbox-group-forminator-field-checkbox-1-69e7735ddc469-label\" class=\"forminator-label\">I authorise the processing of my personal data for the purpose of handling my enquiry and its disclosure to KEYTER Group companies when necessary <span class=\"forminator-required\">*<\/span><\/span><label id=\"forminator-field-checkbox-1-1-69e7735ddc469-label\" for=\"forminator-field-checkbox-1-1-69e7735ddc469\" class=\"forminator-checkbox\" title=\"I accept\"><input type=\"checkbox\" name=\"checkbox-1[]\" value=\"one\" id=\"forminator-field-checkbox-1-1-69e7735ddc469\" aria-labelledby=\"forminator-field-checkbox-1-1-69e7735ddc469-label\" data-calculation=\"0\"   data-hidden-behavior=\"zero\"\/><span class=\"forminator-checkbox-box\" aria-hidden=\"true\"><\/span><span class=\"forminator-checkbox-label\">I accept<\/span><\/label><label id=\"forminator-field-checkbox-1-2-69e7735ddc469-label\" for=\"forminator-field-checkbox-1-2-69e7735ddc469\" class=\"forminator-checkbox\" title=\"I don&#039;t accept\"><input type=\"checkbox\" name=\"checkbox-1[]\" value=\"two\" id=\"forminator-field-checkbox-1-2-69e7735ddc469\" aria-labelledby=\"forminator-field-checkbox-1-2-69e7735ddc469-label\" data-calculation=\"0\"   data-hidden-behavior=\"zero\"\/><span class=\"forminator-checkbox-box\" aria-hidden=\"true\"><\/span><span class=\"forminator-checkbox-label\">I don't accept<\/span><\/label><\/div><\/div><\/div><input type=\"hidden\" name=\"referer_url\" value=\"\" \/><div class=\"forminator-row forminator-row-last\"><div class=\"forminator-col\"><div class=\"forminator-field\"><button class=\"forminator-button forminator-button-submit\">Submit<\/button><\/div><\/div><\/div><input type=\"hidden\" id=\"forminator_nonce\" name=\"forminator_nonce\" value=\"0bc3998274\" \/><input type=\"hidden\" name=\"_wp_http_referer\" value=\"\/en\/wp-json\/wp\/v2\/pages\/698\" \/><input type=\"hidden\" name=\"form_id\" value=\"689\"><input type=\"hidden\" name=\"page_id\" value=\"698\"><input type=\"hidden\" name=\"form_type\" value=\"default\"><input type=\"hidden\" name=\"current_url\" value=\"https:\/\/keyter-intarcon.com\/en\/talents-lab-form\/\"><input type=\"hidden\" name=\"render_id\" value=\"0\"><input type=\"hidden\" name=\"action\" value=\"forminator_submit_form_custom-forms\"><label for=\"input_13\" class=\"forminator-hidden\" aria-hidden=\"true\">Please do not fill in this field. <input id=\"input_13\" type=\"text\" name=\"input_13\" value=\"\" autocomplete=\"off\"><\/label><\/form>\n","protected":false},"excerpt":{"rendered":"<p>\u00a1Start your experience with us! Complete the form with your details to send us your application. We will contact your educational centre. If you have any questions, please do not hesitate to contact us.&#13;<\/p>\n","protected":false},"author":2,"featured_media":0,"parent":0,"menu_order":0,"comment_status":"closed","ping_status":"closed","template":"page-no-title","meta":{"footnotes":""},"class_list":["post-698","page","type-page","status-publish","hentry"],"_links":{"self":[{"href":"https:\/\/keyter-intarcon.com\/en\/wp-json\/wp\/v2\/pages\/698","targetHints":{"allow":["GET"]}}],"collection":[{"href":"https:\/\/keyter-intarcon.com\/en\/wp-json\/wp\/v2\/pages"}],"about":[{"href":"https:\/\/keyter-intarcon.com\/en\/wp-json\/wp\/v2\/types\/page"}],"author":[{"embeddable":true,"href":"https:\/\/keyter-intarcon.com\/en\/wp-json\/wp\/v2\/users\/2"}],"replies":[{"embeddable":true,"href":"https:\/\/keyter-intarcon.com\/en\/wp-json\/wp\/v2\/comments?post=698"}],"version-history":[{"count":1,"href":"https:\/\/keyter-intarcon.com\/en\/wp-json\/wp\/v2\/pages\/698\/revisions"}],"predecessor-version":[{"id":699,"href":"https:\/\/keyter-intarcon.com\/en\/wp-json\/wp\/v2\/pages\/698\/revisions\/699"}],"wp:attachment":[{"href":"https:\/\/keyter-intarcon.com\/en\/wp-json\/wp\/v2\/media?parent=698"}],"curies":[{"name":"wp","href":"https:\/\/api.w.org\/{rel}","templated":true}]}}