{"id":957,"date":"2025-10-15T13:07:31","date_gmt":"2025-10-15T11:07:31","guid":{"rendered":"https:\/\/keyter-intarcon.com\/home\/"},"modified":"2026-02-02T08:23:15","modified_gmt":"2026-02-02T07:23:15","slug":"home","status":"publish","type":"page","link":"https:\/\/keyter-intarcon.com\/en\/","title":{"rendered":"Home"},"content":{"rendered":"\n<div class=\"wp-block-cover alignfull is-light has-large-font-size\" style=\"margin-top:0;margin-bottom:0;padding-top:var(--wp--preset--spacing--50);padding-right:var(--wp--preset--spacing--50);padding-bottom:var(--wp--preset--spacing--50);padding-left:var(--wp--preset--spacing--50);min-height:421px;aspect-ratio:unset;\"><video class=\"wp-block-cover__video-background intrinsic-ignore\" autoplay muted loop playsinline src=\"https:\/\/keyter-intarcon.com\/wp-content\/uploads\/2025\/10\/Intro.mp4\" data-object-fit=\"cover\"><\/video><span aria-hidden=\"true\" class=\"wp-block-cover__background has-background-dim-0 has-background-dim\"><\/span><div class=\"wp-block-cover__inner-container has-global-padding is-layout-constrained wp-container-core-cover-is-layout-d89aad35 wp-block-cover-is-layout-constrained\">\n<p><\/p>\n<\/div><\/div>\n\n<div class=\"wp-block-group alignfull is-style-default has-global-padding is-layout-constrained wp-block-group-is-layout-constrained\" style=\"margin-top:0;margin-bottom:0;padding-top:var(--wp--preset--spacing--50);padding-bottom:var(--wp--preset--spacing--50)\">\n<div class=\"wp-block-columns alignwide is-layout-flex wp-container-core-columns-is-layout-7ee84d44 wp-block-columns-is-layout-flex\">\n<div class=\"wp-block-column is-vertically-aligned-center is-layout-flow wp-block-column-is-layout-flow\" style=\"flex-basis:100%\">\n<p class=\"has-text-align-center has-large-font-size\">At <strong>KEYTER Group<\/strong>, we are an industrial group dedicated to the design, manufacture and marketing of solutions based on refrigeration technologies, industrial air conditioning (HVAC+R) and atmospheric water generation.<\/p>\n\n\n\n<p class=\"has-text-align-center has-large-font-size\">Our purpose is to improve people\u2019s quality of life. We do this by creating solutions that help combat climate change, optimise the use of natural and energy resources, and ensure air quality in terms of comfort. We also contribute to the preservation of food and water resources, which are essential for a growing world.<\/p>\n\n\n\n<hr class=\"wp-block-separator has-alpha-channel-opacity\"\/>\n\n\n\n<!-- SECCI\u00d3N DE EMPRESAS DEL GRUPO (VERSI\u00d3N CON ALINEACI\u00d3N CORREGIDA) -->\r\n<div class=\"empresas-container-v13\">\r\n  <div class=\"empresas-gallery-v13\">\r\n\r\n    <!-- Columna 1: KEYTER -->\r\n    <div class=\"empresa-column-v13 fade-in-item\" data-delay=\"0s\">\r\n      <a href=\"https:\/\/keyter.com\/es\" target=\"_blank\" rel=\"noopener noreferrer\" class=\"empresa-link-v13\">\r\n        <img decoding=\"async\" src=\"https:\/\/keyter-intarcon.com\/wp-content\/uploads\/2025\/10\/KEYTER-scaled.webp\" alt=\"Logo de Keyter\"\/>\r\n        <h3 class=\"empresa-titulo-v13\"> HVAC+R Solutions <\/h3>\r\n      <\/a>\r\n    <\/div>\r\n\r\n    <!-- Columna 2: INTARCON -->\r\n    <div class=\"empresa-column-v13 fade-in-item\" data-delay=\"0.2s\">\r\n      <a href=\"https:\/\/www.intarcon.com\/\" target=\"_blank\" rel=\"noopener noreferrer\" class=\"empresa-link-v13\">\r\n        <img decoding=\"async\" src=\"https:\/\/keyter-intarcon.com\/wp-content\/uploads\/2025\/10\/INTARCON-scaled.webp\" alt=\"Logo de Intarcon\"\/>\r\n        <h3 class=\"empresa-titulo-v13\">Commercial &#038; Industrial Refrigeration<\/h3>\r\n      <\/a>\r\n    <\/div>\r\n\r\n    <!-- Columna 3: GENAQ -->\r\n    <div class=\"empresa-column-v13 fade-in-item\" data-delay=\"0.4s\">\r\n      <a href=\"https:\/\/genaq.com\/\" target=\"_blank\" rel=\"noopener noreferrer\" class=\"empresa-link-v13\">\r\n        <img decoding=\"async\" src=\"https:\/\/keyter-intarcon.com\/wp-content\/uploads\/2025\/10\/GENAQ-scaled.webp\" alt=\"Logo de Genaq\"\/>\r\n        <h3 class=\"empresa-titulo-v13\">Water from air<\/h3>\r\n      <\/a>\r\n    <\/div>\r\n\r\n    <!-- Columna 4: KICONEX -->\r\n    <div class=\"empresa-column-v13 fade-in-item\" data-delay=\"0.6s\">\r\n      <a href=\"https:\/\/www.kiconex.com\/\" target=\"_blank\" rel=\"noopener noreferrer\" class=\"empresa-link-v13\">\r\n        <img decoding=\"async\" src=\"https:\/\/keyter-intarcon.com\/wp-content\/uploads\/2025\/10\/KICONEX-scaled.webp\" alt=\"Logo de Kiconex\"\/>\r\n        <h3 class=\"empresa-titulo-v13\"> IoT 360\u00ba Solutions <\/h3>\r\n      <\/a>\r\n    <\/div>\r\n\r\n  <\/div>\r\n<\/div>\r\n\r\n<!-- Estilos CSS -->\r\n<style>\r\n  .empresas-container-v13 {\r\n    padding: 60px 20px;\r\n    width: 100%;\r\n    box-sizing: border-box;\r\n    background-color: #fff;\r\n  }\r\n\r\n  .empresas-gallery-v13 {\r\n    display: grid;\r\n    grid-template-columns: repeat(4, 1fr);\r\n    gap: 30px;\r\n    max-width: 1200px;\r\n    margin: 0 auto;\r\n  }\r\n\r\n  .empresa-column-v13 {\r\n    border-radius: 16px;\r\n    background-color: #f9fafb;\r\n    border: 1px solid #f0f2f5;\r\n    transition: transform 0.4s ease, box-shadow 0.4s ease, background 0.4s ease;\r\n    opacity: 0;\r\n    transform: translateY(30px);\r\n  }\r\n\r\n  .empresa-column-v13:hover {\r\n    transform: translateY(-6px);\r\n    box-shadow: 0 10px 25px rgba(0, 0, 0, 0.07);\r\n    background: linear-gradient(to bottom, #f9fafb 50%, #f0f2f5 100%);\r\n  }\r\n\r\n  .empresa-link-v13 {\r\n    display: flex;\r\n    flex-direction: column;\r\n    align-items: center; \/* Centrado horizontal *\/\r\n    justify-content: flex-start; \/* Alinea el contenido en la parte superior *\/\r\n    text-decoration: none;\r\n    height: 260px;\r\n    padding: 40px 30px 30px 30px; \/* A\u00f1adimos padding superior para bajar el contenido *\/\r\n    box-sizing: border-box;\r\n  }\r\n\r\n  .empresa-link-v13 img {\r\n    max-height: 55px;\r\n    width: auto;\r\n    max-width: 100%;\r\n    margin-bottom: 25px; \/* Aumentamos el espacio entre logo y texto *\/\r\n  }\r\n\r\n  .empresa-titulo-v13 {\r\n    font-size: 17px;\r\n    font-weight: 600;\r\n    color: #334155;\r\n    line-height: 1.5;\r\n    text-align: center;\r\n    margin: 0;\r\n    min-height: 54px; \/* CLAVE: Reserva espacio para ~2 l\u00edneas de texto, alineando todo *\/\r\n    display: flex; \/* Centra verticalmente el texto dentro de su espacio reservado *\/\r\n    align-items: center;\r\n  }\r\n\r\n  .empresa-column-v13.visible {\r\n    opacity: 1;\r\n    transform: translateY(0);\r\n    transition-property: opacity, transform;\r\n    transition-duration: 1s;\r\n    transition-timing-function: cubic-bezier(0.165, 0.84, 0.44, 1);\r\n  }\r\n\r\n  \/* ----- RESPONSIVE ----- *\/\r\n  @media (max-width: 992px) {\r\n    .empresas-gallery-v13 { grid-template-columns: repeat(2, 1fr); }\r\n  }\r\n  @media (max-width: 576px) {\r\n    .empresas-gallery-v13 { grid-template-columns: 1fr; }\r\n    .empresa-link-v13 { height: auto; min-height: 240px; } \/* Altura flexible en m\u00f3vil *\/\r\n  }\r\n<\/style>\r\n\r\n<!-- Script para la animaci\u00f3n de aparici\u00f3n (sin cambios) -->\r\n<script>\r\n  document.addEventListener(\"DOMContentLoaded\", function () {\r\n    const items = document.querySelectorAll(\".fade-in-item\");\r\n    if (\"IntersectionObserver\" in window) {\r\n      const observer = new IntersectionObserver((entries) => {\r\n        entries.forEach(entry => {\r\n          if (entry.isIntersecting) {\r\n            const delay = entry.target.getAttribute('data-delay') || '0s';\r\n            entry.target.style.transitionDelay = delay;\r\n            entry.target.classList.add(\"visible\");\r\n            observer.unobserve(entry.target);\r\n          }\r\n        });\r\n      }, { threshold: 0.1 });\r\n      items.forEach(item => observer.observe(item));\r\n    } else {\r\n      items.forEach(item => item.classList.add('visible'));\r\n    }\r\n  });\r\n<\/script>\r\n<\/div>\n<\/div>\n<\/div>\n\n<div class=\"wp-block-group alignfull has-global-padding is-layout-constrained wp-block-group-is-layout-constrained\" style=\"margin-top:0;margin-bottom:0\">\n<div style=\"height:37px\" aria-hidden=\"true\" class=\"wp-block-spacer\"><\/div>\n<\/div>\n\n<div class=\"wp-block-group alignfull has-global-padding is-layout-constrained wp-block-group-is-layout-constrained\" style=\"margin-top:0;margin-bottom:0\">\n<div style=\"height:47px\" aria-hidden=\"true\" class=\"wp-block-spacer\"><\/div>\n<\/div>\n","protected":false},"excerpt":{"rendered":"<p>At KEYTER Group, we are an industrial group dedicated to the design, manufacture and marketing of solutions based on refrigeration technologies, industrial air conditioning (HVAC+R) and atmospheric water generation. Our purpose is to improve people\u2019s quality of life. We do this by creating solutions that help combat climate change, optimise the use of natural and [&hellip;]<\/p>\n","protected":false},"author":2,"featured_media":0,"parent":0,"menu_order":0,"comment_status":"closed","ping_status":"closed","template":"page-no-title","meta":{"footnotes":""},"class_list":["post-957","page","type-page","status-publish","hentry"],"_links":{"self":[{"href":"https:\/\/keyter-intarcon.com\/en\/wp-json\/wp\/v2\/pages\/957","targetHints":{"allow":["GET"]}}],"collection":[{"href":"https:\/\/keyter-intarcon.com\/en\/wp-json\/wp\/v2\/pages"}],"about":[{"href":"https:\/\/keyter-intarcon.com\/en\/wp-json\/wp\/v2\/types\/page"}],"author":[{"embeddable":true,"href":"https:\/\/keyter-intarcon.com\/en\/wp-json\/wp\/v2\/users\/2"}],"replies":[{"embeddable":true,"href":"https:\/\/keyter-intarcon.com\/en\/wp-json\/wp\/v2\/comments?post=957"}],"version-history":[{"count":3,"href":"https:\/\/keyter-intarcon.com\/en\/wp-json\/wp\/v2\/pages\/957\/revisions"}],"predecessor-version":[{"id":964,"href":"https:\/\/keyter-intarcon.com\/en\/wp-json\/wp\/v2\/pages\/957\/revisions\/964"}],"wp:attachment":[{"href":"https:\/\/keyter-intarcon.com\/en\/wp-json\/wp\/v2\/media?parent=957"}],"curies":[{"name":"wp","href":"https:\/\/api.w.org\/{rel}","templated":true}]}}